{"id":86,"date":"2018-12-27T19:40:58","date_gmt":"2018-12-28T01:40:58","guid":{"rendered":"http:\/\/www.silverdimensions.com\/?page_id=86"},"modified":"2026-05-02T21:45:10","modified_gmt":"2026-05-03T02:45:10","slug":"chasing-repousse","status":"publish","type":"page","link":"https:\/\/www.silverdimensions.com\/?page_id=86","title":{"rendered":"Chasing &#038; Repouss\u00e9"},"content":{"rendered":"\n<h4 class=\"wp-block-heading\"><strong><em>Some of the chasing and repouss<\/em>\u00e9<em> projects I&#8217;ve done recently (just a beginner at this!)&#8230;<\/em><\/strong><\/h4>\n\n\n\n<div class=\"wp-block-media-text alignwide is-stacked-on-mobile\"><figure class=\"wp-block-media-text__media\"><img loading=\"lazy\" decoding=\"async\" width=\"843\" height=\"843\" src=\"http:\/\/www.silverdimensions.com\/wp-content\/uploads\/2018\/12\/chasing-repousse-cross_pendant_collage-2.jpg\" alt=\"\" class=\"wp-image-273 size-full\" srcset=\"https:\/\/www.silverdimensions.com\/wp-content\/uploads\/2018\/12\/chasing-repousse-cross_pendant_collage-2.jpg 843w, https:\/\/www.silverdimensions.com\/wp-content\/uploads\/2018\/12\/chasing-repousse-cross_pendant_collage-2-150x150.jpg 150w, https:\/\/www.silverdimensions.com\/wp-content\/uploads\/2018\/12\/chasing-repousse-cross_pendant_collage-2-300x300.jpg 300w, https:\/\/www.silverdimensions.com\/wp-content\/uploads\/2018\/12\/chasing-repousse-cross_pendant_collage-2-768x768.jpg 768w, https:\/\/www.silverdimensions.com\/wp-content\/uploads\/2018\/12\/chasing-repousse-cross_pendant_collage-2-100x100.jpg 100w\" sizes=\"auto, (max-width: 767px) 89vw, (max-width: 1000px) 54vw, (max-width: 1071px) 543px, 580px\" \/><\/figure><div class=\"wp-block-media-text__content\">\n<p>Sterling silver <strong><a href=\"https:\/\/www.silverdimensions.com\/?p=271\">chased and repouss\u00e9 Cross<\/a><\/strong>, set with 5mm Sleeping Beauty Turquoise.<\/p>\n<\/div><\/div>\n\n\n\n<div class=\"wp-block-media-text alignwide is-stacked-on-mobile\"><figure class=\"wp-block-media-text__media\"><img loading=\"lazy\" decoding=\"async\" width=\"843\" height=\"830\" src=\"http:\/\/www.silverdimensions.com\/wp-content\/uploads\/2018\/12\/chasing-repousse-second_try-copper_flower-final.jpg\" alt=\"\" class=\"wp-image-265 size-full\" srcset=\"https:\/\/www.silverdimensions.com\/wp-content\/uploads\/2018\/12\/chasing-repousse-second_try-copper_flower-final.jpg 843w, https:\/\/www.silverdimensions.com\/wp-content\/uploads\/2018\/12\/chasing-repousse-second_try-copper_flower-final-300x295.jpg 300w, https:\/\/www.silverdimensions.com\/wp-content\/uploads\/2018\/12\/chasing-repousse-second_try-copper_flower-final-768x756.jpg 768w\" sizes=\"auto, (max-width: 767px) 89vw, (max-width: 1000px) 54vw, (max-width: 1071px) 543px, 580px\" \/><\/figure><div class=\"wp-block-media-text__content\">\n<p><strong><a href=\"https:\/\/www.silverdimensions.com\/?p=264\">Copper flower<\/a><\/strong> (from my second attempt at chasing and repouss\u00e9).<\/p>\n<\/div><\/div>\n\n\n\n<div class=\"wp-block-media-text alignwide is-stacked-on-mobile\"><figure class=\"wp-block-media-text__media\"><img loading=\"lazy\" decoding=\"async\" width=\"843\" height=\"831\" src=\"http:\/\/www.silverdimensions.com\/wp-content\/uploads\/2018\/12\/chasing-repousse-first_try-copper_flower.jpg\" alt=\"\" class=\"wp-image-257 size-full\" srcset=\"https:\/\/www.silverdimensions.com\/wp-content\/uploads\/2018\/12\/chasing-repousse-first_try-copper_flower.jpg 843w, https:\/\/www.silverdimensions.com\/wp-content\/uploads\/2018\/12\/chasing-repousse-first_try-copper_flower-300x296.jpg 300w, https:\/\/www.silverdimensions.com\/wp-content\/uploads\/2018\/12\/chasing-repousse-first_try-copper_flower-768x757.jpg 768w, https:\/\/www.silverdimensions.com\/wp-content\/uploads\/2018\/12\/chasing-repousse-first_try-copper_flower-100x100.jpg 100w\" sizes=\"auto, (max-width: 767px) 89vw, (max-width: 1000px) 54vw, (max-width: 1071px) 543px, 580px\" \/><\/figure><div class=\"wp-block-media-text__content\">\n<p>Another <strong><a href=\"https:\/\/www.silverdimensions.com\/?p=252\">copper flower<\/a><\/strong> (from my first attempt at chasing and repouss\u00e9).<\/p>\n<\/div><\/div>\n\n\n\n<div class=\"wp-block-media-text alignwide is-stacked-on-mobile\"><figure class=\"wp-block-media-text__media\"><img loading=\"lazy\" decoding=\"async\" width=\"843\" height=\"920\" src=\"http:\/\/www.silverdimensions.com\/wp-content\/uploads\/2018\/12\/chasing-repousse-first_try-copper_doodles-group.jpg\" alt=\"\" class=\"wp-image-258 size-full\" srcset=\"https:\/\/www.silverdimensions.com\/wp-content\/uploads\/2018\/12\/chasing-repousse-first_try-copper_doodles-group.jpg 843w, https:\/\/www.silverdimensions.com\/wp-content\/uploads\/2018\/12\/chasing-repousse-first_try-copper_doodles-group-275x300.jpg 275w, https:\/\/www.silverdimensions.com\/wp-content\/uploads\/2018\/12\/chasing-repousse-first_try-copper_doodles-group-768x838.jpg 768w\" sizes=\"auto, (max-width: 767px) 89vw, (max-width: 1000px) 54vw, (max-width: 1071px) 543px, 580px\" \/><\/figure><div class=\"wp-block-media-text__content\">\n<p><strong><a href=\"https:\/\/www.silverdimensions.com\/?p=252\">Copper &#8220;Doodles&#8221;<\/a><\/strong> made on practice sheet from my first attempt at chasing and repouss\u00e9).<\/p>\n<\/div><\/div>\n","protected":false},"excerpt":{"rendered":"<p>Some of the chasing and repouss\u00e9 projects I&#8217;ve done recently (just a beginner at this!)&#8230; Sterling silver chased and repouss\u00e9 Cross, set with 5mm Sleeping Beauty Turquoise. Copper flower (from my second attempt at chasing and repouss\u00e9). Another copper flower (from my first attempt at chasing and repouss\u00e9). Copper &#8220;Doodles&#8221; made on practice sheet from &hellip; <\/p>\n<p class=\"link-more\"><a href=\"https:\/\/www.silverdimensions.com\/?page_id=86\" class=\"more-link\">Continue reading<span class=\"screen-reader-text\"> &#8220;Chasing &#038; Repouss\u00e9&#8221;<\/span><\/a><\/p>\n","protected":false},"author":1,"featured_media":0,"parent":25,"menu_order":0,"comment_status":"closed","ping_status":"closed","template":"","meta":{"footnotes":""},"class_list":["post-86","page","type-page","status-publish","hentry"],"_links":{"self":[{"href":"https:\/\/www.silverdimensions.com\/index.php?rest_route=\/wp\/v2\/pages\/86","targetHints":{"allow":["GET"]}}],"collection":[{"href":"https:\/\/www.silverdimensions.com\/index.php?rest_route=\/wp\/v2\/pages"}],"about":[{"href":"https:\/\/www.silverdimensions.com\/index.php?rest_route=\/wp\/v2\/types\/page"}],"author":[{"embeddable":true,"href":"https:\/\/www.silverdimensions.com\/index.php?rest_route=\/wp\/v2\/users\/1"}],"replies":[{"embeddable":true,"href":"https:\/\/www.silverdimensions.com\/index.php?rest_route=%2Fwp%2Fv2%2Fcomments&post=86"}],"version-history":[{"count":11,"href":"https:\/\/www.silverdimensions.com\/index.php?rest_route=\/wp\/v2\/pages\/86\/revisions"}],"predecessor-version":[{"id":2248,"href":"https:\/\/www.silverdimensions.com\/index.php?rest_route=\/wp\/v2\/pages\/86\/revisions\/2248"}],"up":[{"embeddable":true,"href":"https:\/\/www.silverdimensions.com\/index.php?rest_route=\/wp\/v2\/pages\/25"}],"wp:attachment":[{"href":"https:\/\/www.silverdimensions.com\/index.php?rest_route=%2Fwp%2Fv2%2Fmedia&parent=86"}],"curies":[{"name":"wp","href":"https:\/\/api.w.org\/{rel}","templated":true}]}}